{"id":14038,"date":"2026-03-16T21:25:13","date_gmt":"2026-03-16T20:25:13","guid":{"rendered":"https:\/\/www.groupesenef.com\/?page_id=14038"},"modified":"2026-03-16T21:25:13","modified_gmt":"2026-03-16T20:25:13","slug":"politica-de-cookies","status":"publish","type":"page","link":"https:\/\/www.groupesenef.com\/es\/politique-de-cookies\/","title":{"rendered":"Pol\u00edtica de cookies"},"content":{"rendered":"<div class=\"fusion-fullwidth fullwidth-box fusion-builder-row-1 fusion-flex-container has-pattern-background has-mask-background nonhundred-percent-fullwidth non-hundred-percent-height-scrolling\" style=\"--awb-border-radius-top-left:0px;--awb-border-radius-top-right:0px;--awb-border-radius-bottom-right:0px;--awb-border-radius-bottom-left:0px;--awb-padding-right:6%;--awb-padding-left:6%;--awb-margin-top:20px;--awb-margin-bottom:20px;--awb-margin-bottom-small:0px;--awb-flex-wrap:wrap;\" ><div class=\"fusion-builder-row fusion-row fusion-flex-align-items-flex-start fusion-flex-content-wrap\" style=\"max-width:1560px;margin-left: calc(-4% \/ 2 );margin-right: calc(-4% \/ 2 );\"><div class=\"fusion-layout-column fusion_builder_column fusion-builder-column-0 fusion_builder_column_1_1 1_1 fusion-flex-column\" style=\"--awb-bg-size:cover;--awb-width-large:100%;--awb-margin-top-large:20px;--awb-spacing-right-large:1.92%;--awb-margin-bottom-large:20px;--awb-spacing-left-large:1.92%;--awb-width-medium:100%;--awb-order-medium:0;--awb-spacing-right-medium:1.92%;--awb-spacing-left-medium:1.92%;--awb-width-small:100%;--awb-order-small:0;--awb-spacing-right-small:1.92%;--awb-spacing-left-small:1.92%;\"><div class=\"fusion-column-wrapper fusion-column-has-shadow fusion-flex-justify-content-flex-start fusion-content-layout-column\"><i class=\"fb-icon-element-1 fb-icon-element fontawesome-icon icon-Frame-162 circle-no\" style=\"--awb-font-size:22px;--awb-margin-top:0;--awb-margin-right:0;--awb-margin-bottom:0;--awb-margin-left:0;--awb-align-self:center;\"><\/i><div class=\"fusion-title title fusion-title-1 fusion-sep-none fusion-title-center fusion-title-text fusion-title-size-one cstm-underline\" style=\"--awb-text-color:var(--awb-color5);--awb-margin-top:0px;--awb-margin-bottom:10px;--awb-margin-top-small:12px;--awb-margin-right-small:0px;--awb-margin-bottom-small:24px;--awb-margin-left-small:0px;--awb-font-size:50px;\"><h1 class=\"fusion-title-heading title-heading-center fusion-responsive-typography-calculated\" style=\"font-family:&quot;Campaign Regular&quot;;font-style:normal;font-weight:400;margin:0;font-size:1em;--fontSize:50;line-height:1.5;\">Pol\u00edtica de cookies<\/h1><\/div><div class=\"fusion-text fusion-text-1\" style=\"--awb-content-alignment:left;--awb-font-size:16px;--awb-text-color:var(--awb-color3);\"><div id=\"mentions\" class=\"uk-section-muted uk-section uk-padding-remove-top\">\n<div class=\"uk-container\">\n<div class=\"tm-grid-expand uk-child-width-1-1 uk-grid-margin uk-grid uk-grid-stack\">\n<div class=\"uk-width-1-1 uk-first-column\">\n<div class=\"uk-margin\">\n<div class=\"uk-child-width-1-1 uk-child-width-1-2@m uk-grid-match uk-grid\">\n<div class=\"uk-first-column\">\n<div class=\"el-item uk-panel uk-margin-remove-first-child\">\n<div id=\"objet\" class=\"uk-section-muted uk-section\">\n<div class=\"uk-container\">\n<div class=\"tm-grid-expand uk-child-width-1-1 uk-grid-margin uk-grid uk-grid-stack\">\n<div class=\"uk-width-1-1@m uk-first-column\">\n<div class=\"uk-h3 uk-text-primary\">OBJETIVO Y \u00c1MBITO DE APLICACI\u00d3N<\/div>\n<div class=\"uk-panel uk-column-1-2@m uk-column-1-1@s uk-margin\">\n<p>Le informamos de que, al visitar nuestro sitio web, pueden instalarse cookies en su equipo (ordenador de sobremesa o port\u00e1til, tableta o smartphone).<\/p>\n<p>Como tal, el prop\u00f3sito de esta pol\u00edtica es informarle de los elementos esenciales relativos a la forma en que utilizamos estas cookies, los objetivos perseguidos en el contexto de su uso, e informarle de sus derechos al respecto.<\/p>\n<\/div>\n<\/div>\n<\/div>\n<\/div>\n<\/div>\n<div id=\"cookie\" class=\"uk-section-default uk-section\">\n<div class=\"uk-container\">\n<div class=\"tm-grid-expand uk-child-width-1-1 uk-grid-margin uk-grid uk-grid-stack\">\n<div class=\"uk-width-1-1 uk-first-column\">\n<div class=\"uk-h3 uk-text-primary\">\u00bfQU\u00c9 ES UNA GALLETA?<\/div>\n<div class=\"uk-panel uk-column-1-2@m uk-column-1-1@s uk-margin\">\n<p>Las cookies son peque\u00f1os archivos de texto que se almacenan y\/o leen en el terminal de un usuario de Internet cuando visita un sitio web o una aplicaci\u00f3n m\u00f3vil, y que el sitio utiliza para enviar informaci\u00f3n al software del navegador.<\/p>\n<p>Durante su periodo de validez, una cookie permite a su emisor reconocer el terminal cada vez que accede a contenidos que contengan cookies del mismo emisor.<\/p>\n<p>S\u00f3lo el remitente de una cookie puede leer o modificar la informaci\u00f3n contenida en ella.<\/p>\n<\/div>\n<\/div>\n<\/div>\n<\/div>\n<\/div>\n<div id=\"finalite\" class=\"uk-section-muted uk-section\">\n<div class=\"uk-container\">\n<div class=\"tm-grid-expand uk-child-width-1-1 uk-grid-margin uk-grid uk-grid-stack\">\n<div class=\"uk-width-1-1@m uk-first-column\">\n<div class=\"uk-h3 uk-text-primary\">Finalidad de las cookies utilizadas<\/div>\n<div class=\"uk-panel uk-column-1-2@m uk-column-1-1@s uk-margin\">\n<p>Las cookies que utilizamos pueden agruparse en tres categor\u00edas:<\/p>\n<ol>\n<li>las denominadas cookies esenciales o t\u00e9cnicas ;<\/li>\n<li>cookies de medici\u00f3n de audiencia; y<\/li>\n<li>cookies publicitarias.<\/li>\n<\/ol>\n<ol>\n<li><strong>Cookies esenciales o t\u00e9cnicas<\/strong><\/li>\n<\/ol>\n<p>Las cookies esenciales o t\u00e9cnicas son aquellas cuya \u00fanica finalidad es permitir o facilitar la comunicaci\u00f3n por medios electr\u00f3nicos, o las estrictamente necesarias para la prestaci\u00f3n de un servicio de comunicaci\u00f3n en l\u00ednea a petici\u00f3n expresa del usuario.<\/p>\n<p>En particular, estas cookies nos permiten<\/p>\n<ul>\n<li>Mantener la elecci\u00f3n expresada por el usuario sobre el dep\u00f3sito de trazadores;<\/li>\n<li>Autenticarse en un servicio ;<\/li>\n<li>Para adaptar la presentaci\u00f3n del sitio a las preferencias de visualizaci\u00f3n del terminal;<\/li>\n<li>Almacenar informaci\u00f3n relativa al contenido de una cesta de la compra, o a formularios que el usuario haya rellenado en el sitio;<\/li>\n<li>Facilitar a los usuarios el acceso a su cuenta.<\/li>\n<\/ul>\n<ol start=\"2\">\n<li><strong>Cookies de medici\u00f3n de audiencia<\/strong><\/li>\n<\/ol>\n<p>Las cookies de medici\u00f3n de audiencia se utilizan para obtener informaci\u00f3n sobre la navegaci\u00f3n de los internautas (ejemplos de finalidades: medir el rendimiento, detectar problemas de navegaci\u00f3n, optimizar las prestaciones t\u00e9cnicas o la ergonom\u00eda, estimar la potencia necesaria de los servidores, analizar los contenidos consultados, etc.).<\/p>\n<ol start=\"3\">\n<li><strong>Cookies publicitarias<\/strong><\/li>\n<\/ol>\n<p>Las cookies publicitarias est\u00e1n vinculadas a la publicidad dirigida, es decir, a la observaci\u00f3n de los h\u00e1bitos de navegaci\u00f3n de los usuarios, lo que permite crear un perfil espec\u00edfico para mostrar anuncios que les correspondan.<\/p>\n<\/div>\n<\/div>\n<\/div>\n<\/div>\n<\/div>\n<div id=\"tiers\" class=\"uk-section-default uk-section\">\n<div class=\"uk-container\">\n<div class=\"tm-grid-expand uk-child-width-1-1 uk-grid-margin uk-grid uk-grid-stack\">\n<div class=\"uk-width-1-1 uk-first-column\">\n<div class=\"uk-h3 uk-text-primary\">Cookies de terceros<\/div>\n<div class=\"uk-panel uk-margin\">\n<p>Nuestro sitio web tambi\u00e9n puede contener cookies de terceros. Nos aseguramos de que estas cookies sean gestionadas adecuadamente por servicios de terceros, pero no podemos hacernos responsables de ellas.<\/p>\n<\/div>\n<\/div>\n<\/div>\n<\/div>\n<\/div>\n<div id=\"duree\" class=\"uk-section-muted uk-section\">\n<div class=\"uk-container\">\n<div class=\"tm-grid-expand uk-child-width-1-1 uk-grid-margin uk-grid uk-grid-stack\">\n<div class=\"uk-width-1-1@m uk-first-column\">\n<div class=\"uk-h3 uk-text-primary\">Caducidad<\/div>\n<div class=\"uk-panel uk-column-1-2@m uk-column-1-1@s uk-margin\">\n<p>Cumplimos los requisitos de la CNIL sobre periodos de conservaci\u00f3n de datos.<\/p>\n<p>Las cookies t\u00e9cnicas o esenciales se conservan durante el tiempo necesario para la prestaci\u00f3n y el funcionamiento del servicio.<\/p>\n<p>Las cookies de medici\u00f3n de audiencia se conservan un m\u00e1ximo de 13 meses. La informaci\u00f3n recopilada a trav\u00e9s de estos rastreadores se conserva durante 25 meses.<\/p>\n<p>Las dem\u00e1s cookies se conservan durante el periodo razonablemente necesario para los fines para los que se utilizan. La validez del consentimiento otorgado no exceder\u00e1 de 13 meses.<\/p>\n<\/div>\n<\/div>\n<\/div>\n<\/div>\n<\/div>\n<div id=\"consentement\" class=\"uk-section-default uk-section\">\n<div class=\"uk-container\">\n<div class=\"tm-grid-expand uk-child-width-1-1 uk-grid-margin uk-grid uk-grid-stack\">\n<div class=\"uk-width-1-1@m uk-first-column\">\n<div class=\"uk-h3 uk-text-primary\">Consentimiento y exenci\u00f3n<\/div>\n<div class=\"uk-panel uk-column-1-2@m uk-column-1-1@s uk-margin\">\n<p>Seg\u00fan las directrices de la CNIL, hay que distinguir entre las cookies que requieren consentimiento previo y las que entran en el sistema de exenci\u00f3n.<\/p>\n<p>Las cookies que requieren su consentimiento previo son cookies publicitarias.<\/p>\n<p>Las cookies t\u00e9cnicas y las relacionadas con la medici\u00f3n de audiencias est\u00e1n cubiertas por el sistema de exenci\u00f3n.<\/p>\n<p>En el caso de las cookies de medici\u00f3n de audiencia que tratan datos personales, puede ejercer su derecho de oposici\u00f3n.<\/p>\n<p>Utilizamos una Plataforma de Gesti\u00f3n del Consentimiento (\u00abCMP\u00bb) para recabar el consentimiento y gestionar el derecho de oposici\u00f3n.<\/p>\n<\/div>\n<\/div>\n<\/div>\n<\/div>\n<\/div>\n<div id=\"contact\" class=\"uk-section-muted uk-section\">\n<div class=\"uk-container\">\n<div class=\"tm-grid-expand uk-child-width-1-1 uk-grid-margin uk-grid uk-grid-stack\">\n<div class=\"uk-width-1-1@m uk-first-column\">\n<div class=\"uk-h3 uk-text-primary\">P\u00f3ngase en contacto con nosotros<\/div>\n<div class=\"uk-panel uk-column-1-2@m uk-column-1-1@s uk-margin\">\n<p>Si tiene alguna pregunta, p\u00f3ngase en contacto con nuestro responsable de protecci\u00f3n de datos (v\u00e9ase la Pol\u00edtica de protecci\u00f3n de datos).<\/p>\n<p>Para m\u00e1s informaci\u00f3n general sobre la protecci\u00f3n de datos personales, consulte el sitio web de la CNIL en la siguiente direcci\u00f3n:\u00a0<a href=\"http:\/\/www.cnil.fr\/\">www.cnil.fr<\/a>.<\/p>\n<\/div>\n<\/div>\n<\/div>\n<\/div>\n<\/div>\n<div id=\"revision\" class=\"uk-section-default uk-section\">\n<div class=\"uk-container\">\n<div class=\"tm-grid-expand uk-child-width-1-1 uk-grid-margin uk-grid uk-grid-stack\">\n<div class=\"uk-width-1-1@m uk-first-column\">\n<div class=\"uk-h3 uk-text-primary\">Consulte<\/div>\n<div class=\"uk-panel uk-margin\">\n<p>En caso de cambios reglamentarios o recomendaciones de la CNIL, nos reservamos el derecho de modificar esta pol\u00edtica. Se le notificar\u00e1 cualquier nueva pol\u00edtica antes de que entre en vigor.<\/p>\n<\/div>\n<\/div>\n<\/div>\n<\/div>\n<\/div>\n<\/div>\n<\/div>\n<\/div>\n<\/div>\n<\/div>\n<\/div>\n<\/div>\n<\/div>\n<\/div><\/div><\/div><\/div><\/div>","protected":false},"excerpt":{"rendered":"","protected":false},"author":2,"featured_media":0,"parent":0,"menu_order":0,"comment_status":"closed","ping_status":"closed","template":"","meta":{"_acf_changed":false,"footnotes":""},"class_list":["post-14038","page","type-page","status-publish","hentry"],"acf":[],"yoast_head":"<!-- This site is optimized with the Yoast SEO plugin v27.4 - https:\/\/yoast.com\/product\/yoast-seo-wordpress\/ -->\n<title>Politique de cookies - Groupe Senef<\/title>\n<meta name=\"robots\" content=\"index, follow, max-snippet:-1, max-image-preview:large, max-video-preview:-1\" \/>\n<link rel=\"canonical\" href=\"https:\/\/www.groupesenef.com\/es\/politica-de-cookies\/\" \/>\n<meta property=\"og:locale\" content=\"es_ES\" \/>\n<meta property=\"og:type\" content=\"article\" \/>\n<meta property=\"og:title\" content=\"Politique de cookies - Groupe Senef\" \/>\n<meta property=\"og:url\" content=\"https:\/\/www.groupesenef.com\/es\/politica-de-cookies\/\" \/>\n<meta property=\"og:site_name\" content=\"Groupe Senef\" \/>\n<meta property=\"article:publisher\" content=\"https:\/\/www.facebook.com\/groupesenef\/?locale=fr_FR\" \/>\n<meta name=\"twitter:card\" content=\"summary_large_image\" \/>\n<meta name=\"twitter:label1\" content=\"Tiempo de lectura\" \/>\n\t<meta name=\"twitter:data1\" content=\"6 minutos\" \/>\n<script type=\"application\/ld+json\" class=\"yoast-schema-graph\">{\"@context\":\"https:\\\/\\\/schema.org\",\"@graph\":[{\"@type\":\"WebPage\",\"@id\":\"https:\\\/\\\/www.groupesenef.com\\\/politique-de-cookies\\\/\",\"url\":\"https:\\\/\\\/www.groupesenef.com\\\/politique-de-cookies\\\/\",\"name\":\"Politique de cookies - Groupe Senef\",\"isPartOf\":{\"@id\":\"https:\\\/\\\/www.groupesenef.com\\\/#website\"},\"datePublished\":\"2026-03-16T20:25:13+00:00\",\"breadcrumb\":{\"@id\":\"https:\\\/\\\/www.groupesenef.com\\\/politique-de-cookies\\\/#breadcrumb\"},\"inLanguage\":\"es\",\"potentialAction\":[{\"@type\":\"ReadAction\",\"target\":[\"https:\\\/\\\/www.groupesenef.com\\\/politique-de-cookies\\\/\"]}]},{\"@type\":\"BreadcrumbList\",\"@id\":\"https:\\\/\\\/www.groupesenef.com\\\/politique-de-cookies\\\/#breadcrumb\",\"itemListElement\":[{\"@type\":\"ListItem\",\"position\":1,\"name\":\"Accueil\",\"item\":\"https:\\\/\\\/www.groupesenef.com\\\/\"},{\"@type\":\"ListItem\",\"position\":2,\"name\":\"Politique de cookies\"}]},{\"@type\":\"WebSite\",\"@id\":\"https:\\\/\\\/www.groupesenef.com\\\/#website\",\"url\":\"https:\\\/\\\/www.groupesenef.com\\\/\",\"name\":\"Groupe Senef\",\"description\":\"\",\"publisher\":{\"@id\":\"https:\\\/\\\/www.groupesenef.com\\\/#organization\"},\"potentialAction\":[{\"@type\":\"SearchAction\",\"target\":{\"@type\":\"EntryPoint\",\"urlTemplate\":\"https:\\\/\\\/www.groupesenef.com\\\/?s={search_term_string}\"},\"query-input\":{\"@type\":\"PropertyValueSpecification\",\"valueRequired\":true,\"valueName\":\"search_term_string\"}}],\"inLanguage\":\"es\"},{\"@type\":\"Organization\",\"@id\":\"https:\\\/\\\/www.groupesenef.com\\\/#organization\",\"name\":\"Groupe Senef\",\"url\":\"https:\\\/\\\/www.groupesenef.com\\\/\",\"logo\":{\"@type\":\"ImageObject\",\"inLanguage\":\"es\",\"@id\":\"https:\\\/\\\/www.groupesenef.com\\\/#\\\/schema\\\/logo\\\/image\\\/\",\"url\":\"https:\\\/\\\/www.groupesenef.com\\\/wp-content\\\/uploads\\\/2026\\\/02\\\/Calque_1-13.svg\",\"contentUrl\":\"https:\\\/\\\/www.groupesenef.com\\\/wp-content\\\/uploads\\\/2026\\\/02\\\/Calque_1-13.svg\",\"width\":281,\"height\":49,\"caption\":\"Groupe Senef\"},\"image\":{\"@id\":\"https:\\\/\\\/www.groupesenef.com\\\/#\\\/schema\\\/logo\\\/image\\\/\"},\"sameAs\":[\"https:\\\/\\\/www.facebook.com\\\/groupesenef\\\/?locale=fr_FR\"]}]}<\/script>\n<!-- \/ Yoast SEO plugin. -->","yoast_head_json":{"title":"Pol\u00edtica de cookies - Groupe Senef","robots":{"index":"index","follow":"follow","max-snippet":"max-snippet:-1","max-image-preview":"max-image-preview:large","max-video-preview":"max-video-preview:-1"},"canonical":"https:\/\/www.groupesenef.com\/es\/politica-de-cookies\/","og_locale":"es_ES","og_type":"article","og_title":"Politique de cookies - Groupe Senef","og_url":"https:\/\/www.groupesenef.com\/es\/politica-de-cookies\/","og_site_name":"Groupe Senef","article_publisher":"https:\/\/www.facebook.com\/groupesenef\/?locale=fr_FR","twitter_card":"summary_large_image","twitter_misc":{"Tiempo de lectura":"6 minutos"},"schema":{"@context":"https:\/\/schema.org","@graph":[{"@type":"WebPage","@id":"https:\/\/www.groupesenef.com\/politique-de-cookies\/","url":"https:\/\/www.groupesenef.com\/politique-de-cookies\/","name":"Pol\u00edtica de cookies - Groupe Senef","isPartOf":{"@id":"https:\/\/www.groupesenef.com\/#website"},"datePublished":"2026-03-16T20:25:13+00:00","breadcrumb":{"@id":"https:\/\/www.groupesenef.com\/politique-de-cookies\/#breadcrumb"},"inLanguage":"es","potentialAction":[{"@type":"ReadAction","target":["https:\/\/www.groupesenef.com\/politique-de-cookies\/"]}]},{"@type":"BreadcrumbList","@id":"https:\/\/www.groupesenef.com\/politique-de-cookies\/#breadcrumb","itemListElement":[{"@type":"ListItem","position":1,"name":"Accueil","item":"https:\/\/www.groupesenef.com\/"},{"@type":"ListItem","position":2,"name":"Politique de cookies"}]},{"@type":"WebSite","@id":"https:\/\/www.groupesenef.com\/#website","url":"https:\/\/www.groupesenef.com\/","name":"Grupo Senef","description":"","publisher":{"@id":"https:\/\/www.groupesenef.com\/#organization"},"potentialAction":[{"@type":"SearchAction","target":{"@type":"EntryPoint","urlTemplate":"https:\/\/www.groupesenef.com\/?s={search_term_string}"},"query-input":{"@type":"PropertyValueSpecification","valueRequired":true,"valueName":"search_term_string"}}],"inLanguage":"es"},{"@type":"Organization","@id":"https:\/\/www.groupesenef.com\/#organization","name":"Grupo Senef","url":"https:\/\/www.groupesenef.com\/","logo":{"@type":"ImageObject","inLanguage":"es","@id":"https:\/\/www.groupesenef.com\/#\/schema\/logo\/image\/","url":"https:\/\/www.groupesenef.com\/wp-content\/uploads\/2026\/02\/Calque_1-13.svg","contentUrl":"https:\/\/www.groupesenef.com\/wp-content\/uploads\/2026\/02\/Calque_1-13.svg","width":281,"height":49,"caption":"Groupe Senef"},"image":{"@id":"https:\/\/www.groupesenef.com\/#\/schema\/logo\/image\/"},"sameAs":["https:\/\/www.facebook.com\/groupesenef\/?locale=fr_FR"]}]}},"_links":{"self":[{"href":"https:\/\/www.groupesenef.com\/es\/wp-json\/wp\/v2\/pages\/14038","targetHints":{"allow":["GET"]}}],"collection":[{"href":"https:\/\/www.groupesenef.com\/es\/wp-json\/wp\/v2\/pages"}],"about":[{"href":"https:\/\/www.groupesenef.com\/es\/wp-json\/wp\/v2\/types\/page"}],"author":[{"embeddable":true,"href":"https:\/\/www.groupesenef.com\/es\/wp-json\/wp\/v2\/users\/2"}],"replies":[{"embeddable":true,"href":"https:\/\/www.groupesenef.com\/es\/wp-json\/wp\/v2\/comments?post=14038"}],"version-history":[{"count":1,"href":"https:\/\/www.groupesenef.com\/es\/wp-json\/wp\/v2\/pages\/14038\/revisions"}],"predecessor-version":[{"id":14039,"href":"https:\/\/www.groupesenef.com\/es\/wp-json\/wp\/v2\/pages\/14038\/revisions\/14039"}],"wp:attachment":[{"href":"https:\/\/www.groupesenef.com\/es\/wp-json\/wp\/v2\/media?parent=14038"}],"curies":[{"name":"wp","href":"https:\/\/api.w.org\/{rel}","templated":true}]}}