{"id":14283,"date":"2026-03-18T02:07:04","date_gmt":"2026-03-18T01:07:04","guid":{"rendered":"https:\/\/www.groupesenef.com\/?page_id=14283"},"modified":"2026-04-17T13:44:23","modified_gmt":"2026-04-17T11:44:23","slug":"success","status":"publish","type":"page","link":"https:\/\/www.groupesenef.com\/en\/success\/","title":{"rendered":"Success"},"content":{"rendered":"<div class=\"fusion-fullwidth fullwidth-box fusion-builder-row-1 fusion-flex-container has-pattern-background has-mask-background nonhundred-percent-fullwidth non-hundred-percent-height-scrolling\" style=\"--awb-border-radius-top-left:16px;--awb-border-radius-top-right:16px;--awb-border-radius-bottom-right:16px;--awb-border-radius-bottom-left:16px;--awb-overflow:hidden;--awb-padding-top:86px;--awb-padding-right:6%;--awb-padding-bottom:112px;--awb-padding-left:6%;--awb-margin-top:20px;--awb-background-color:var(--awb-color3);--awb-background-image:linear-gradient(86deg, #171e96 39%,#d4e9fb 92%);--awb-flex-wrap:wrap;\" ><div class=\"awb-background-mask\" style=\"background-image:  url(https:\/\/www.groupesenef.com\/wp-content\/uploads\/2026\/04\/Mask-group.svg);opacity: 1 ;transform: scale(1, 1);mix-blend-mode:normal;\"><\/div><div class=\"fusion-builder-row fusion-row fusion-flex-align-items-flex-start fusion-flex-justify-content-center fusion-flex-content-wrap\" style=\"max-width:1560px;margin-left: calc(-4% \/ 2 );margin-right: calc(-4% \/ 2 );\"><div class=\"fusion-layout-column fusion_builder_column fusion-builder-column-0 fusion-flex-column\" style=\"--awb-bg-size:cover;--awb-width-large:900px;--awb-margin-top-large:0px;--awb-spacing-right-large:2%;--awb-margin-bottom-large:0px;--awb-spacing-left-large:2%;--awb-width-medium:100%;--awb-order-medium:0;--awb-spacing-right-medium:1.92%;--awb-spacing-left-medium:1.92%;--awb-width-small:100%;--awb-order-small:0;--awb-spacing-right-small:1.92%;--awb-spacing-left-small:1.92%;\"><div class=\"fusion-column-wrapper fusion-column-has-shadow fusion-flex-justify-content-flex-start fusion-content-layout-column\"><div class=\"fusion-text fusion-text-1 fusion-text-no-margin\" style=\"--awb-content-alignment:center;--awb-font-size:20px;--awb-line-height:150%;--awb-letter-spacing:0%;--awb-text-color:var(--awb-color1);--awb-margin-top:0px;--awb-margin-bottom:0px;--awb-text-font-family:&quot;Inter&quot;;--awb-text-font-style:normal;--awb-text-font-weight:400;\"><p>Demande envoy\u00e9e avec succ\u00e8s !<\/p>\n<\/div><div class=\"fusion-title title fusion-title-1 fusion-sep-none fusion-title-center fusion-title-text fusion-title-size-three\" style=\"--awb-text-color:var(--awb-color1);--awb-margin-top:24px;--awb-margin-bottom:50px;--awb-margin-top-small:12px;--awb-margin-right-small:0px;--awb-margin-bottom-small:24px;--awb-margin-left-small:0px;--awb-font-size:32px;\"><h3 class=\"fusion-title-heading title-heading-center fusion-responsive-typography-calculated\" style=\"font-family:&quot;Campaign Medium&quot;;font-style:normal;font-weight:400;margin:0;letter-spacing:-2%;font-size:1em;--fontSize:32;line-height:1.1;\">Nos \u00e9quipes vous recontacteront sous 24h. \u2028Vous \u00eates press\u00e9 ? Planifiez votre \u00e9change d\u00e8s maintenant avec l&rsquo;un de nos experts.<\/h3><\/div><\/div><\/div><div class=\"fusion-layout-column fusion_builder_column fusion-builder-column-1 fusion-flex-column\" style=\"--awb-bg-color:var(--awb-color1);--awb-bg-color-hover:var(--awb-color1);--awb-bg-size:cover;--awb-width-large:895px;--awb-margin-top-large:0px;--awb-spacing-right-large:2%;--awb-margin-bottom-large:0px;--awb-spacing-left-large:2%;--awb-width-medium:100%;--awb-order-medium:0;--awb-spacing-right-medium:1.92%;--awb-spacing-left-medium:1.92%;--awb-width-small:100%;--awb-order-small:0;--awb-spacing-right-small:1.92%;--awb-spacing-left-small:1.92%;\"><div class=\"fusion-column-wrapper fusion-column-has-shadow fusion-flex-justify-content-flex-start fusion-content-layout-column\"><div id=\"calendly-container\"><\/div>\n\n<script>\nlet service = localStorage.getItem(\"selectedService\");\n\nlet calendlyLinks = {\n  \"progisap\": \"https:\/\/calendly.com\/d\/cxjv-2jc-5j3\/progisap\",\n  \"progiclean\": \"https:\/\/calendly.com\/d\/cxq8-zbr-5x6\/progiclean\",\n  \"seenet\": \"https:\/\/calendly.com\/d\/ctnc-nky-j6b\/seenet-securite\"\n};\n\nif (service && calendlyLinks[service]) {\n  document.getElementById(\"calendly-container\").innerHTML =\n    `<iframe class=\"lazyload\" src=\"data:image\/svg+xml,%3Csvg%20xmlns%3D%27http%3A%2F%2Fwww.w3.org%2F2000%2Fsvg%27%20width%3D%27100%27%20height%3D%27700%27%20viewBox%3D%270%200%20100%20700%27%3E%3Crect%20width%3D%27100%27%20height%3D%27700%27%20fill-opacity%3D%220%22%2F%3E%3C%2Fsvg%3E\" data-orig-src=\"${calendlyLinks[service]}\" width=\"100%\" height=\"700\" frameborder=\"0\"><\/iframe>`;\n\n  \/\/ clean after use\n  localStorage.removeItem(\"selectedService\");\n\n} else {\n  document.getElementById(\"calendly-container\").innerHTML =\n    `<p>Please select a service to book an appointment.<\/p>`;\n}\n<\/script><\/div><\/div><\/div><\/div>\n","protected":false},"excerpt":{"rendered":"","protected":false},"author":2,"featured_media":0,"parent":0,"menu_order":0,"comment_status":"closed","ping_status":"closed","template":"","meta":{"_acf_changed":false,"footnotes":""},"class_list":["post-14283","page","type-page","status-publish","hentry"],"acf":[],"yoast_head":"<!-- This site is optimized with the Yoast SEO plugin v27.4 - https:\/\/yoast.com\/product\/yoast-seo-wordpress\/ -->\n<title>Page de remerciement<\/title>\n<meta name=\"description\" content=\"Merci, nos \u00e9quipes vous recontacteront au plus vite.\" \/>\n<meta name=\"robots\" content=\"index, follow, max-snippet:-1, max-image-preview:large, max-video-preview:-1\" \/>\n<link rel=\"canonical\" href=\"https:\/\/www.groupesenef.com\/en\/success\/\" \/>\n<meta property=\"og:locale\" content=\"en_US\" \/>\n<meta property=\"og:type\" content=\"article\" \/>\n<meta property=\"og:title\" content=\"Page de remerciement\" \/>\n<meta property=\"og:description\" content=\"Merci, nos \u00e9quipes vous recontacteront au plus vite.\" \/>\n<meta property=\"og:url\" content=\"https:\/\/www.groupesenef.com\/en\/success\/\" \/>\n<meta property=\"og:site_name\" content=\"Groupe Senef\" \/>\n<meta property=\"article:publisher\" content=\"https:\/\/www.facebook.com\/groupesenef\/?locale=fr_FR\" \/>\n<meta property=\"article:modified_time\" content=\"2026-04-17T11:44:23+00:00\" \/>\n<meta name=\"twitter:card\" content=\"summary_large_image\" \/>\n<meta name=\"twitter:label1\" content=\"Est. reading time\" \/>\n\t<meta name=\"twitter:data1\" content=\"1 minute\" \/>\n<script type=\"application\/ld+json\" class=\"yoast-schema-graph\">{\"@context\":\"https:\\\/\\\/schema.org\",\"@graph\":[{\"@type\":\"WebPage\",\"@id\":\"https:\\\/\\\/www.groupesenef.com\\\/success\\\/\",\"url\":\"https:\\\/\\\/www.groupesenef.com\\\/success\\\/\",\"name\":\"Page de remerciement\",\"isPartOf\":{\"@id\":\"https:\\\/\\\/www.groupesenef.com\\\/#website\"},\"datePublished\":\"2026-03-18T01:07:04+00:00\",\"dateModified\":\"2026-04-17T11:44:23+00:00\",\"description\":\"Merci, nos \u00e9quipes vous recontacteront au plus vite.\",\"breadcrumb\":{\"@id\":\"https:\\\/\\\/www.groupesenef.com\\\/success\\\/#breadcrumb\"},\"inLanguage\":\"en-US\",\"potentialAction\":[{\"@type\":\"ReadAction\",\"target\":[\"https:\\\/\\\/www.groupesenef.com\\\/success\\\/\"]}]},{\"@type\":\"BreadcrumbList\",\"@id\":\"https:\\\/\\\/www.groupesenef.com\\\/success\\\/#breadcrumb\",\"itemListElement\":[{\"@type\":\"ListItem\",\"position\":1,\"name\":\"Accueil\",\"item\":\"https:\\\/\\\/www.groupesenef.com\\\/\"},{\"@type\":\"ListItem\",\"position\":2,\"name\":\"Success\"}]},{\"@type\":\"WebSite\",\"@id\":\"https:\\\/\\\/www.groupesenef.com\\\/#website\",\"url\":\"https:\\\/\\\/www.groupesenef.com\\\/\",\"name\":\"Groupe Senef\",\"description\":\"\",\"publisher\":{\"@id\":\"https:\\\/\\\/www.groupesenef.com\\\/#organization\"},\"potentialAction\":[{\"@type\":\"SearchAction\",\"target\":{\"@type\":\"EntryPoint\",\"urlTemplate\":\"https:\\\/\\\/www.groupesenef.com\\\/?s={search_term_string}\"},\"query-input\":{\"@type\":\"PropertyValueSpecification\",\"valueRequired\":true,\"valueName\":\"search_term_string\"}}],\"inLanguage\":\"en-US\"},{\"@type\":\"Organization\",\"@id\":\"https:\\\/\\\/www.groupesenef.com\\\/#organization\",\"name\":\"Groupe Senef\",\"url\":\"https:\\\/\\\/www.groupesenef.com\\\/\",\"logo\":{\"@type\":\"ImageObject\",\"inLanguage\":\"en-US\",\"@id\":\"https:\\\/\\\/www.groupesenef.com\\\/#\\\/schema\\\/logo\\\/image\\\/\",\"url\":\"https:\\\/\\\/www.groupesenef.com\\\/wp-content\\\/uploads\\\/2026\\\/02\\\/Calque_1-13.svg\",\"contentUrl\":\"https:\\\/\\\/www.groupesenef.com\\\/wp-content\\\/uploads\\\/2026\\\/02\\\/Calque_1-13.svg\",\"width\":281,\"height\":49,\"caption\":\"Groupe Senef\"},\"image\":{\"@id\":\"https:\\\/\\\/www.groupesenef.com\\\/#\\\/schema\\\/logo\\\/image\\\/\"},\"sameAs\":[\"https:\\\/\\\/www.facebook.com\\\/groupesenef\\\/?locale=fr_FR\"]}]}<\/script>\n<!-- \/ Yoast SEO plugin. -->","yoast_head_json":{"title":"Thank you page","description":"Thank you, our team will contact you as soon as possible.","robots":{"index":"index","follow":"follow","max-snippet":"max-snippet:-1","max-image-preview":"max-image-preview:large","max-video-preview":"max-video-preview:-1"},"canonical":"https:\/\/www.groupesenef.com\/en\/success\/","og_locale":"en_US","og_type":"article","og_title":"Page de remerciement","og_description":"Merci, nos \u00e9quipes vous recontacteront au plus vite.","og_url":"https:\/\/www.groupesenef.com\/en\/success\/","og_site_name":"Groupe Senef","article_publisher":"https:\/\/www.facebook.com\/groupesenef\/?locale=fr_FR","article_modified_time":"2026-04-17T11:44:23+00:00","twitter_card":"summary_large_image","twitter_misc":{"Est. reading time":"1 minute"},"schema":{"@context":"https:\/\/schema.org","@graph":[{"@type":"WebPage","@id":"https:\/\/www.groupesenef.com\/success\/","url":"https:\/\/www.groupesenef.com\/success\/","name":"Thank you page","isPartOf":{"@id":"https:\/\/www.groupesenef.com\/#website"},"datePublished":"2026-03-18T01:07:04+00:00","dateModified":"2026-04-17T11:44:23+00:00","description":"Thank you, our team will contact you as soon as possible.","breadcrumb":{"@id":"https:\/\/www.groupesenef.com\/success\/#breadcrumb"},"inLanguage":"en-US","potentialAction":[{"@type":"ReadAction","target":["https:\/\/www.groupesenef.com\/success\/"]}]},{"@type":"BreadcrumbList","@id":"https:\/\/www.groupesenef.com\/success\/#breadcrumb","itemListElement":[{"@type":"ListItem","position":1,"name":"Accueil","item":"https:\/\/www.groupesenef.com\/"},{"@type":"ListItem","position":2,"name":"Success"}]},{"@type":"WebSite","@id":"https:\/\/www.groupesenef.com\/#website","url":"https:\/\/www.groupesenef.com\/","name":"Senef Group","description":"","publisher":{"@id":"https:\/\/www.groupesenef.com\/#organization"},"potentialAction":[{"@type":"SearchAction","target":{"@type":"EntryPoint","urlTemplate":"https:\/\/www.groupesenef.com\/?s={search_term_string}"},"query-input":{"@type":"PropertyValueSpecification","valueRequired":true,"valueName":"search_term_string"}}],"inLanguage":"en-US"},{"@type":"Organization","@id":"https:\/\/www.groupesenef.com\/#organization","name":"Senef Group","url":"https:\/\/www.groupesenef.com\/","logo":{"@type":"ImageObject","inLanguage":"en-US","@id":"https:\/\/www.groupesenef.com\/#\/schema\/logo\/image\/","url":"https:\/\/www.groupesenef.com\/wp-content\/uploads\/2026\/02\/Calque_1-13.svg","contentUrl":"https:\/\/www.groupesenef.com\/wp-content\/uploads\/2026\/02\/Calque_1-13.svg","width":281,"height":49,"caption":"Groupe Senef"},"image":{"@id":"https:\/\/www.groupesenef.com\/#\/schema\/logo\/image\/"},"sameAs":["https:\/\/www.facebook.com\/groupesenef\/?locale=fr_FR"]}]}},"_links":{"self":[{"href":"https:\/\/www.groupesenef.com\/en\/wp-json\/wp\/v2\/pages\/14283","targetHints":{"allow":["GET"]}}],"collection":[{"href":"https:\/\/www.groupesenef.com\/en\/wp-json\/wp\/v2\/pages"}],"about":[{"href":"https:\/\/www.groupesenef.com\/en\/wp-json\/wp\/v2\/types\/page"}],"author":[{"embeddable":true,"href":"https:\/\/www.groupesenef.com\/en\/wp-json\/wp\/v2\/users\/2"}],"replies":[{"embeddable":true,"href":"https:\/\/www.groupesenef.com\/en\/wp-json\/wp\/v2\/comments?post=14283"}],"version-history":[{"count":29,"href":"https:\/\/www.groupesenef.com\/en\/wp-json\/wp\/v2\/pages\/14283\/revisions"}],"predecessor-version":[{"id":14604,"href":"https:\/\/www.groupesenef.com\/en\/wp-json\/wp\/v2\/pages\/14283\/revisions\/14604"}],"wp:attachment":[{"href":"https:\/\/www.groupesenef.com\/en\/wp-json\/wp\/v2\/media?parent=14283"}],"curies":[{"name":"wp","href":"https:\/\/api.w.org\/{rel}","templated":true}]}}